{"id":3261,"date":"2025-02-04T15:52:28","date_gmt":"2025-02-04T15:52:28","guid":{"rendered":"https:\/\/now.it24.com\/es\/?page_id=3261"},"modified":"2025-02-10T18:45:42","modified_gmt":"2025-02-10T18:45:42","slug":"webinar","status":"publish","type":"page","link":"https:\/\/now.it24.com\/es\/webinar\/","title":{"rendered":"Webinar"},"content":{"rendered":"\t\t<div data-elementor-type=\"wp-page\" data-elementor-id=\"3261\" class=\"elementor elementor-3261\">\n\t\t\t\t<div class=\"elementor-element elementor-element-06ce911 e-flex e-con-boxed e-con e-parent\" data-id=\"06ce911\" data-element_type=\"container\" data-settings=\"{&quot;content_width&quot;:&quot;boxed&quot;}\" data-core-v316-plus=\"true\">\n\t\t\t\t\t<div class=\"e-con-inner\">\n\t\t\t\t<div class=\"elementor-element elementor-element-1cd50c0 elementor-widget elementor-widget-shortcode\" data-id=\"1cd50c0\" data-element_type=\"widget\" data-widget_type=\"shortcode.default\">\n\t\t\t\t<div class=\"elementor-widget-container\">\n\t\t\t\t\t<div class=\"elementor-shortcode\"><script type=\"text\/javascript\" src=\"https:\/\/form.jotform.com\/jsform\/250343644352048?language=es\"><\/script>\n<\/div>\n\t\t\t\t<\/div>\n\t\t\t\t<\/div>\n\t\t\t\t\t<\/div>\n\t\t\t\t<\/div>\n\t\t<div class=\"elementor-element elementor-element-7c8714c e-con-full e-flex e-con e-child\" data-id=\"7c8714c\" data-element_type=\"container\" data-settings=\"{&quot;content_width&quot;:&quot;full&quot;,&quot;background_background&quot;:&quot;classic&quot;}\">\n\t\t\t\t<div class=\"elementor-element elementor-element-9c8c429 elementor-widget elementor-widget-porto_ultimate_heading\" data-id=\"9c8c429\" data-element_type=\"widget\" data-widget_type=\"porto_ultimate_heading.default\">\n\t\t\t\t<div class=\"elementor-widget-container\">\n\t\t\t<div class=\"porto-u-heading  porto-u-1528\"><div class=\"porto-u-sub-heading\" style=\"\"><p>T\u00e9rminos de uso | Pol\u00edtica de privacidad | Hecho en Pakist\u00e1n | IT24 \u00a9 2020<\/p><\/div><style>.porto-u-1528.porto-u-heading{text-align:center}<\/style><\/div>\t\t<\/div>\n\t\t\t\t<\/div>\n\t\t\t\t<div class=\"elementor-element elementor-element-ef55d1d gallery-spacing-custom social_media elementor-widget elementor-widget-image-gallery\" data-id=\"ef55d1d\" data-element_type=\"widget\" data-widget_type=\"image-gallery.default\">\n\t\t\t\t<div class=\"elementor-widget-container\">\n\t\t\t<style>.elementor-image-gallery .gallery-item{display:inline-block;text-align:center;vertical-align:top;width:100%;max-width:100%;margin:0 auto}.elementor-image-gallery .gallery-item img{margin:0 auto}.elementor-image-gallery .gallery-item .gallery-caption{margin:0}.elementor-image-gallery figure img{display:block}.elementor-image-gallery figure figcaption{width:100%}.gallery-spacing-custom .elementor-image-gallery .gallery-icon{padding:0}@media (min-width:768px){.elementor-image-gallery .gallery-columns-2 .gallery-item{max-width:50%}.elementor-image-gallery .gallery-columns-3 .gallery-item{max-width:33.33%}.elementor-image-gallery .gallery-columns-4 .gallery-item{max-width:25%}.elementor-image-gallery .gallery-columns-5 .gallery-item{max-width:20%}.elementor-image-gallery .gallery-columns-6 .gallery-item{max-width:16.666%}.elementor-image-gallery .gallery-columns-7 .gallery-item{max-width:14.28%}.elementor-image-gallery .gallery-columns-8 .gallery-item{max-width:12.5%}.elementor-image-gallery .gallery-columns-9 .gallery-item{max-width:11.11%}.elementor-image-gallery .gallery-columns-10 .gallery-item{max-width:10%}}@media (min-width:480px) and (max-width:767px){.elementor-image-gallery .gallery.gallery-columns-2 .gallery-item,.elementor-image-gallery .gallery.gallery-columns-3 .gallery-item,.elementor-image-gallery .gallery.gallery-columns-4 .gallery-item,.elementor-image-gallery .gallery.gallery-columns-5 .gallery-item,.elementor-image-gallery .gallery.gallery-columns-6 .gallery-item,.elementor-image-gallery .gallery.gallery-columns-7 .gallery-item,.elementor-image-gallery .gallery.gallery-columns-8 .gallery-item,.elementor-image-gallery .gallery.gallery-columns-9 .gallery-item,.elementor-image-gallery .gallery.gallery-columns-10 .gallery-item{max-width:50%}}@media (max-width:479px){.elementor-image-gallery .gallery.gallery-columns-2 .gallery-item,.elementor-image-gallery .gallery.gallery-columns-3 .gallery-item,.elementor-image-gallery .gallery.gallery-columns-4 .gallery-item,.elementor-image-gallery .gallery.gallery-columns-5 .gallery-item,.elementor-image-gallery .gallery.gallery-columns-6 .gallery-item,.elementor-image-gallery .gallery.gallery-columns-7 .gallery-item,.elementor-image-gallery .gallery.gallery-columns-8 .gallery-item,.elementor-image-gallery .gallery.gallery-columns-9 .gallery-item,.elementor-image-gallery .gallery.gallery-columns-10 .gallery-item{max-width:100%}}<\/style>\t\t<div class=\"elementor-image-gallery\">\n\t\t\t<div id='gallery-1' class='gallery galleryid-3261 gallery-columns-6 gallery-size-swatches_image_size'><figure class='gallery-item'>\n\t\t\t<div class='gallery-icon landscape'>\n\t\t\t\t<img decoding=\"async\" width=\"32\" height=\"32\" src=\"https:\/\/now.it24.com\/es\/wp-content\/uploads\/2024\/03\/spain-32x32.png\" class=\"attachment-swatches_image_size size-swatches_image_size\" alt=\"now\" aria-describedby=\"gallery-1-1110\" \/>\n\t\t\t<\/div>\n\t\t\t\t<figcaption class='wp-caption-text gallery-caption' id='gallery-1-1110'>\n\t\t\t\tSpain\n\t\t\t\t<\/figcaption><\/figure><figure class='gallery-item'>\n\t\t\t<div class='gallery-icon landscape'>\n\t\t\t\t<img decoding=\"async\" width=\"32\" height=\"32\" src=\"https:\/\/now.it24.com\/es\/wp-content\/uploads\/2024\/03\/united-states-32x32.png\" class=\"attachment-swatches_image_size size-swatches_image_size\" alt=\"now\" aria-describedby=\"gallery-1-1109\" \/>\n\t\t\t<\/div>\n\t\t\t\t<figcaption class='wp-caption-text gallery-caption' id='gallery-1-1109'>\n\t\t\t\tUSA\n\t\t\t\t<\/figcaption><\/figure><figure class='gallery-item'>\n\t\t\t<div class='gallery-icon landscape'>\n\t\t\t\t<img decoding=\"async\" width=\"32\" height=\"32\" src=\"https:\/\/now.it24.com\/es\/wp-content\/uploads\/2024\/03\/Bolivia-32x32.png\" class=\"attachment-swatches_image_size size-swatches_image_size\" alt=\"now\" aria-describedby=\"gallery-1-1108\" \/>\n\t\t\t<\/div>\n\t\t\t\t<figcaption class='wp-caption-text gallery-caption' id='gallery-1-1108'>\n\t\t\t\tBolivia\n\t\t\t\t<\/figcaption><\/figure><figure class='gallery-item'>\n\t\t\t<div class='gallery-icon landscape'>\n\t\t\t\t<img loading=\"lazy\" decoding=\"async\" width=\"32\" height=\"32\" src=\"https:\/\/now.it24.com\/es\/wp-content\/uploads\/2024\/03\/pakistan-32x32.png\" class=\"attachment-swatches_image_size size-swatches_image_size\" alt=\"now\" aria-describedby=\"gallery-1-1111\" \/>\n\t\t\t<\/div>\n\t\t\t\t<figcaption class='wp-caption-text gallery-caption' id='gallery-1-1111'>\n\t\t\t\tPakistan\n\t\t\t\t<\/figcaption><\/figure><figure class='gallery-item'>\n\t\t\t<div class='gallery-icon landscape'>\n\t\t\t\t<img loading=\"lazy\" decoding=\"async\" width=\"32\" height=\"32\" src=\"https:\/\/now.it24.com\/es\/wp-content\/uploads\/2024\/03\/mexico-32x32.png\" class=\"attachment-swatches_image_size size-swatches_image_size\" alt=\"now\" aria-describedby=\"gallery-1-1107\" \/>\n\t\t\t<\/div>\n\t\t\t\t<figcaption class='wp-caption-text gallery-caption' id='gallery-1-1107'>\n\t\t\t\tMexico\n\t\t\t\t<\/figcaption><\/figure>\n\t\t<\/div>\n\t\t<\/div>\n\t\t\t\t<\/div>\n\t\t\t\t<\/div>\n\t\t\t\t<div class=\"elementor-element elementor-element-126f28c elementor-widget elementor-widget-heading\" data-id=\"126f28c\" data-element_type=\"widget\" data-widget_type=\"heading.default\">\n\t\t\t\t<div class=\"elementor-widget-container\">\n\t\t\t<style>\/*! elementor - v3.19.0 - 28-02-2024 *\/\n.elementor-heading-title{padding:0;margin:0;line-height:1}.elementor-widget-heading .elementor-heading-title[class*=elementor-size-]>a{color:inherit;font-size:inherit;line-height:inherit}.elementor-widget-heading .elementor-heading-title.elementor-size-small{font-size:15px}.elementor-widget-heading .elementor-heading-title.elementor-size-medium{font-size:19px}.elementor-widget-heading .elementor-heading-title.elementor-size-large{font-size:29px}.elementor-widget-heading .elementor-heading-title.elementor-size-xl{font-size:39px}.elementor-widget-heading .elementor-heading-title.elementor-size-xxl{font-size:59px}<\/style><h1 class=\"elementor-heading-title elementor-size-default\">\u00a1GRACIAS POR ELEGIR NOW.IT24.COM!<\/h1>\t\t<\/div>\n\t\t\t\t<\/div>\n\t\t\t\t<\/div>\n\t\t\t\t<\/div>\n\t\t","protected":false},"excerpt":{"rendered":"<p>T\u00e9rminos de uso | Pol\u00edtica de privacidad | Hecho en Pakist\u00e1n | IT24 \u00a9 2020 Spain USA Bolivia Pakistan Mexico \u00a1GRACIAS POR ELEGIR NOW.IT24.COM!<\/p>\n","protected":false},"author":1,"featured_media":0,"parent":0,"menu_order":0,"comment_status":"closed","ping_status":"closed","template":"elementor_canvas","meta":{"_acf_changed":false,"content-type":"","footnotes":""},"class_list":["post-3261","page","type-page","status-publish","hentry"],"acf":[],"yoast_head":"<!-- This site is optimized with the Yoast SEO plugin v22.1 - https:\/\/yoast.com\/wordpress\/plugins\/seo\/ -->\n<title>Webinar - Now<\/title>\n<meta name=\"robots\" content=\"index, follow, max-snippet:-1, max-image-preview:large, max-video-preview:-1\" \/>\n<link rel=\"canonical\" href=\"https:\/\/now.it24.com\/es\/webinar\/\" \/>\n<meta property=\"og:locale\" content=\"en_US\" \/>\n<meta property=\"og:type\" content=\"article\" \/>\n<meta property=\"og:title\" content=\"Webinar - Now\" \/>\n<meta property=\"og:description\" content=\"T\u00e9rminos de uso | Pol\u00edtica de privacidad | Hecho en Pakist\u00e1n | IT24 \u00a9 2020 Spain USA Bolivia Pakistan Mexico \u00a1GRACIAS POR ELEGIR NOW.IT24.COM!\" \/>\n<meta property=\"og:url\" content=\"https:\/\/now.it24.com\/es\/webinar\/\" \/>\n<meta property=\"og:site_name\" content=\"Now\" \/>\n<meta property=\"article:modified_time\" content=\"2025-02-10T18:45:42+00:00\" \/>\n<meta property=\"og:image\" content=\"https:\/\/now.it24.com\/es\/wp-content\/uploads\/2024\/03\/spain-32x32.png\" \/>\n<meta name=\"twitter:card\" content=\"summary_large_image\" \/>\n<script type=\"application\/ld+json\" class=\"yoast-schema-graph\">{\"@context\":\"https:\/\/schema.org\",\"@graph\":[{\"@type\":\"WebPage\",\"@id\":\"https:\/\/now.it24.com\/es\/webinar\/\",\"url\":\"https:\/\/now.it24.com\/es\/webinar\/\",\"name\":\"Webinar - Now\",\"isPartOf\":{\"@id\":\"https:\/\/now.it24.com\/es\/#website\"},\"datePublished\":\"2025-02-04T15:52:28+00:00\",\"dateModified\":\"2025-02-10T18:45:42+00:00\",\"breadcrumb\":{\"@id\":\"https:\/\/now.it24.com\/es\/webinar\/#breadcrumb\"},\"inLanguage\":\"en-US\",\"potentialAction\":[{\"@type\":\"ReadAction\",\"target\":[\"https:\/\/now.it24.com\/es\/webinar\/\"]}]},{\"@type\":\"BreadcrumbList\",\"@id\":\"https:\/\/now.it24.com\/es\/webinar\/#breadcrumb\",\"itemListElement\":[{\"@type\":\"ListItem\",\"position\":1,\"name\":\"Home\",\"item\":\"https:\/\/now.it24.com\/es\/\"},{\"@type\":\"ListItem\",\"position\":2,\"name\":\"Webinar\"}]},{\"@type\":\"WebSite\",\"@id\":\"https:\/\/now.it24.com\/es\/#website\",\"url\":\"https:\/\/now.it24.com\/es\/\",\"name\":\"Now\",\"description\":\"Now delivers happiness!\",\"potentialAction\":[{\"@type\":\"SearchAction\",\"target\":{\"@type\":\"EntryPoint\",\"urlTemplate\":\"https:\/\/now.it24.com\/es\/?s={search_term_string}\"},\"query-input\":\"required name=search_term_string\"}],\"inLanguage\":\"en-US\"}]}<\/script>\n<!-- \/ Yoast SEO plugin. -->","yoast_head_json":{"title":"Webinar - Now","robots":{"index":"index","follow":"follow","max-snippet":"max-snippet:-1","max-image-preview":"max-image-preview:large","max-video-preview":"max-video-preview:-1"},"canonical":"https:\/\/now.it24.com\/es\/webinar\/","og_locale":"en_US","og_type":"article","og_title":"Webinar - Now","og_description":"T\u00e9rminos de uso | Pol\u00edtica de privacidad | Hecho en Pakist\u00e1n | IT24 \u00a9 2020 Spain USA Bolivia Pakistan Mexico \u00a1GRACIAS POR ELEGIR NOW.IT24.COM!","og_url":"https:\/\/now.it24.com\/es\/webinar\/","og_site_name":"Now","article_modified_time":"2025-02-10T18:45:42+00:00","og_image":[{"url":"https:\/\/now.it24.com\/es\/wp-content\/uploads\/2024\/03\/spain-32x32.png"}],"twitter_card":"summary_large_image","schema":{"@context":"https:\/\/schema.org","@graph":[{"@type":"WebPage","@id":"https:\/\/now.it24.com\/es\/webinar\/","url":"https:\/\/now.it24.com\/es\/webinar\/","name":"Webinar - Now","isPartOf":{"@id":"https:\/\/now.it24.com\/es\/#website"},"datePublished":"2025-02-04T15:52:28+00:00","dateModified":"2025-02-10T18:45:42+00:00","breadcrumb":{"@id":"https:\/\/now.it24.com\/es\/webinar\/#breadcrumb"},"inLanguage":"en-US","potentialAction":[{"@type":"ReadAction","target":["https:\/\/now.it24.com\/es\/webinar\/"]}]},{"@type":"BreadcrumbList","@id":"https:\/\/now.it24.com\/es\/webinar\/#breadcrumb","itemListElement":[{"@type":"ListItem","position":1,"name":"Home","item":"https:\/\/now.it24.com\/es\/"},{"@type":"ListItem","position":2,"name":"Webinar"}]},{"@type":"WebSite","@id":"https:\/\/now.it24.com\/es\/#website","url":"https:\/\/now.it24.com\/es\/","name":"Now","description":"Now delivers happiness!","potentialAction":[{"@type":"SearchAction","target":{"@type":"EntryPoint","urlTemplate":"https:\/\/now.it24.com\/es\/?s={search_term_string}"},"query-input":"required name=search_term_string"}],"inLanguage":"en-US"}]}},"_links":{"self":[{"href":"https:\/\/now.it24.com\/es\/wp-json\/wp\/v2\/pages\/3261","targetHints":{"allow":["GET"]}}],"collection":[{"href":"https:\/\/now.it24.com\/es\/wp-json\/wp\/v2\/pages"}],"about":[{"href":"https:\/\/now.it24.com\/es\/wp-json\/wp\/v2\/types\/page"}],"author":[{"embeddable":true,"href":"https:\/\/now.it24.com\/es\/wp-json\/wp\/v2\/users\/1"}],"replies":[{"embeddable":true,"href":"https:\/\/now.it24.com\/es\/wp-json\/wp\/v2\/comments?post=3261"}],"version-history":[{"count":7,"href":"https:\/\/now.it24.com\/es\/wp-json\/wp\/v2\/pages\/3261\/revisions"}],"predecessor-version":[{"id":3280,"href":"https:\/\/now.it24.com\/es\/wp-json\/wp\/v2\/pages\/3261\/revisions\/3280"}],"wp:attachment":[{"href":"https:\/\/now.it24.com\/es\/wp-json\/wp\/v2\/media?parent=3261"}],"curies":[{"name":"wp","href":"https:\/\/api.w.org\/{rel}","templated":true}]}}