{"id":1848,"date":"2024-03-18T20:38:45","date_gmt":"2024-03-18T20:38:45","guid":{"rendered":"https:\/\/nubenow.com\/es\/?page_id=1848"},"modified":"2024-12-31T14:15:38","modified_gmt":"2024-12-31T14:15:38","slug":"see-how-nubenow-works-for-riders","status":"publish","type":"page","link":"https:\/\/now.it24.com\/es\/see-how-nubenow-works-for-riders\/","title":{"rendered":"See how NUBENOW works for riders"},"content":{"rendered":"\t\t<div data-elementor-type=\"wp-page\" data-elementor-id=\"1848\" class=\"elementor elementor-1848\">\n\t\t\t\t\t\t<div class=\"elementor-section elementor-top-section elementor-element elementor-element-9b286ed elementor-section-height-min-height p-t-xxl p-b-xxl overflow-hidden elementor-section-boxed elementor-section-height-default elementor-section-items-middle\" data-id=\"9b286ed\" data-element_type=\"section\" data-settings=\"{&quot;background_background&quot;:&quot;classic&quot;}\">\r\n\t\t\t\t\t\t<div class=\"elementor-background-overlay\"><\/div>\r\n\t\t\t\r\n\t\t\t\t\t\t\t<div class=\"elementor-container elementor-column-gap-default\">\r\n\t\t\t\t\t\t\t\t\t\t\t<div class=\"elementor-column elementor-col-100 elementor-top-column elementor-element elementor-element-7fef9d1\" data-id=\"7fef9d1\" data-element_type=\"column\">\r\n\t\t\t\t\t<div class=\"elementor-widget-wrap elementor-element-populated\">\r\n\t\t\t\t\t\t\t\t<div class=\"elementor-element elementor-element-ab495a9 elementor-widget elementor-widget-porto_ultimate_heading\" data-id=\"ab495a9\" data-element_type=\"widget\" data-widget_type=\"porto_ultimate_heading.default\">\n\t\t\t\t<div class=\"elementor-widget-container\">\n\t\t\t<div class=\"porto-u-heading  porto-u-7074\"><div class=\"porto-u-main-heading\"><h2   >\u00bfCOMO FUNCIONA?<\/h2><\/div><div class=\"porto-u-sub-heading\" style=\"\"><div class=\"container\"><div class=\"row\"><div class=\"col-md-12 d-flex justify-content-center align-items-center flex-column\"><p class=\"page-description page-title-des\">PARA ENTREGAR<\/p><\/div><\/div><\/div><\/div><style>.porto-u-7074.porto-u-heading{text-align:center}<\/style><\/div>\t\t<\/div>\n\t\t\t\t<\/div>\n\t\t\t\t\t<\/div>\r\n\t\t\t\t<\/div>\r\n\t\t\t\t\t<\/div>\r\n\t\t\t\t<\/div>\r\n\t\t<div class=\"elementor-element elementor-element-8cd6575 e-flex e-con-boxed e-con e-parent\" data-id=\"8cd6575\" data-element_type=\"container\" data-settings=\"{&quot;content_width&quot;:&quot;boxed&quot;}\" data-core-v316-plus=\"true\">\n\t\t\t\t\t<div class=\"e-con-inner\">\n\t\t\t\t<div class=\"elementor-element elementor-element-e42fcc6 elementor-widget elementor-widget-porto_steps\" data-id=\"e42fcc6\" data-element_type=\"widget\" data-widget_type=\"porto_steps.default\">\n\t\t\t\t<div class=\"elementor-widget-container\">\n\t\t\t<section class=\"timeline\"><div class=\"timeline-body\"><div class=\"timeline-date\"><h3 class=\"time-text step-item-subtitle\">Registro y configuraci\u00f3n del conductor<\/h3><\/div><article class=\"timeline-box left\"><div><h4 class=\"timeline-item-title step-item-title\"><\/h4><div class=\"timeline-item-content\"><div class=\"timeline-item\"><div class=\"timeline-content\"><div class=\"info\"><div class=\"timeline-item\"><div class=\"timeline-content\"><div class=\"info\"><p>El conductor se registra en NOW individualmente o en una plataforma de entrega de terceros asociada a la plataforma en las diferentes \u00e1reas locales. El conductor proporciona los detalles necesarios, como informaci\u00f3n personal, detalles del veh\u00edculo (si corresponde) y detalles de la cuenta bancaria o de pago para recibir el pago.<\/p><\/div><\/div><\/div><\/div><\/div><\/div><\/div><\/div><\/article><div class=\"timeline-date\"><h3 class=\"time-text step-item-subtitle\">Recibir solicitudes de entrega<\/h3><\/div><article class=\"timeline-box right\"><div><h4 class=\"timeline-item-title step-item-title\"><\/h4><div class=\"timeline-item-content\"><div class=\"timeline-item\"><div class=\"timeline-content\"><div class=\"info\"><div class=\"timeline-item\"><div class=\"timeline-content\"><div class=\"info\"><p>El servicio de entrega recibe notificaciones de solicitudes de entrega a trav\u00e9s de la aplicaci\u00f3n de la plataforma y revisa los detalles del pedido, incluido el lugar de recogida, el destino y cualquier instrucci\u00f3n especial.<\/p><\/div><\/div><\/div><\/div><\/div><\/div><\/div><\/div><\/article><div class=\"timeline-date\"><h3 class=\"time-text step-item-subtitle\">Aceptar una entrega<\/h3><\/div><article class=\"timeline-box left\"><div><h4 class=\"timeline-item-title step-item-title\"><\/h4><div class=\"timeline-item-content\"><div class=\"timeline-item\"><div class=\"timeline-content\"><div class=\"info\"><div class=\"timeline-item\"><div class=\"timeline-content\"><div class=\"info\"><p>El conductor acepta la solicitud de entrega a trav\u00e9s de la aplicaci\u00f3n, a menudo por orden de llegada o seg\u00fan la proximidad al lugar de recogida. Si es necesario, el coordinador de conductores puede reasignarlo seg\u00fan sea necesario.<\/p><\/div><\/div><\/div><\/div><\/div><\/div><\/div><\/div><\/article><div class=\"timeline-date\"><h3 class=\"time-text step-item-subtitle\">Proceso de recogida<\/h3><\/div><article class=\"timeline-box right\"><div><h4 class=\"timeline-item-title step-item-title\"><\/h4><div class=\"timeline-item-content\"><div class=\"timeline-item\"><div class=\"timeline-content\"><div class=\"info\"><div class=\"timeline-item\"><div class=\"timeline-content\"><div class=\"info\"><p>El conductor se desplaza hasta la tienda o almac\u00e9n para recoger el pedido. Luego verifica los art\u00edculos del pedido con la lista proporcionada para garantizar su precisi\u00f3n e integridad. Y luego carga de forma segura los art\u00edculos para su transporte.<\/p><\/div><\/div><\/div><\/div><\/div><\/div><\/div><\/div><\/article><div class=\"timeline-date\"><h3 class=\"time-text step-item-subtitle\">Tr\u00e1nsito al destino de entrega<\/h3><\/div><article class=\"timeline-box left\"><div><h4 class=\"timeline-item-title step-item-title\"><\/h4><div class=\"timeline-item-content\"><div class=\"timeline-item\"><div class=\"timeline-content\"><div class=\"info\"><div class=\"timeline-item\"><div class=\"timeline-content\"><div class=\"info\"><p>El conductor utiliza el GPS o el sistema de navegaci\u00f3n de la aplicaci\u00f3n para encontrar la mejor ruta hasta el destino de entrega. Si existen requisitos de manipulaci\u00f3n especiales (por ejemplo, para art\u00edculos fr\u00e1giles), se tendr\u00e1n en cuenta durante el tr\u00e1nsito.<\/p><\/div><\/div><\/div><\/div><\/div><\/div><\/div><\/div><\/article><div class=\"timeline-date\"><h3 class=\"time-text step-item-subtitle\">Entrega al Cliente<\/h3><\/div><article class=\"timeline-box right\"><div><h4 class=\"timeline-item-title step-item-title\"><\/h4><div class=\"timeline-item-content\"><div id=\"how-it-works\" class=\"row wrapped hm-mbl\"><div id=\"timeline\"><div class=\"timeline-item mb-0\"><div class=\"timeline-content \"><div class=\"info\"><div class=\"timeline-item\"><div class=\"timeline-content\"><div class=\"info\"><p>El cliente recibe una notificaci\u00f3n a trav\u00e9s de la aplicaci\u00f3n cuando el servicio de entrega est\u00e1 cerca de la direcci\u00f3n de entrega. La entrega se realiza al cliente, siguiendo instrucciones de entrega espec\u00edficas (por ejemplo, entrega sin contacto).<\/p><\/div><\/div><\/div><\/div><\/div><\/div><\/div><\/div><\/div><\/div><\/article><div class=\"timeline-date\"><h3 class=\"time-text step-item-subtitle\">Confirmaci\u00f3n y comentarios<\/h3><\/div><article class=\"timeline-box left\"><div><h4 class=\"timeline-item-title step-item-title\"><\/h4><div class=\"timeline-item-content\"><div class=\"timeline-item\"><div class=\"timeline-content\"><div class=\"info\"><p>El servicio de entrega confirma la entrega en la aplicaci\u00f3n, que notifica al mercado que el pedido se ha completado. Es posible que se solicite a los clientes que califiquen el servicio de entrega, y esta retroalimentaci\u00f3n puede afectar las calificaciones del servicio de entrega y las oportunidades futuras.<\/p><\/div><\/div><\/div><\/div><\/div><\/article><div class=\"timeline-date\"><h3 class=\"time-text step-item-subtitle\">Pago por entrega<\/h3><\/div><article class=\"timeline-box right\"><div><h4 class=\"timeline-item-title step-item-title\"><\/h4><div class=\"timeline-item-content\"><div class=\"timeline-item\"><div class=\"timeline-content\"><div class=\"info\"><p>Si no se paga a trav\u00e9s de la plataforma, el servicio de entrega recibe el pago de la entrega, mediante pago del cliente en efectivo o con tarjeta de cr\u00e9dito.<\/p><\/div><\/div><\/div><\/div><\/div><\/article><div class=\"timeline-date\"><h3 class=\"time-text step-item-subtitle\">Lista para la pr\u00f3xima entrega<\/h3><\/div><article class=\"timeline-box left\"><div><h4 class=\"timeline-item-title step-item-title\"><\/h4><div class=\"timeline-item-content\"><div id=\"how-it-works\" class=\"row wrapped drivers\"><div id=\"timeline\"><div class=\"timeline-item mb-0\"><div class=\"timeline-content\"><div class=\"info\"><p>Despu\u00e9s de completar una entrega, el servicio de entrega actualiza su disponibilidad para nuevos pedidos. Si es necesario, cualquier mantenimiento regular del veh\u00edculo y mantenerse actualizado con las pol\u00edticas de la plataforma garantizan la elegibilidad continua para las solicitudes de entrega.<\/p><\/div><\/div><\/div><\/div><\/div><\/div><\/div><\/article><\/div><\/section>\t\t<\/div>\n\t\t\t\t<\/div>\n\t\t\t\t\t<\/div>\n\t\t\t\t<\/div>\n\t\t\t\t<section class=\"elementor-section elementor-top-section elementor-element elementor-element-f71e2ea elementor-section-boxed elementor-section-height-default elementor-section-height-default\" data-id=\"f71e2ea\" data-element_type=\"section\">\r\n\t\t\r\n\t\t\t\t\t\t\t<div class=\"elementor-container elementor-column-gap-default\">\r\n\t\t\t\t\t\t\t\t\t\t\t<div class=\"elementor-column elementor-col-50 elementor-top-column elementor-element elementor-element-a920f14\" data-id=\"a920f14\" data-element_type=\"column\">\r\n\t\t\t\t\t<div class=\"elementor-widget-wrap elementor-element-populated\">\r\n\t\t\t\t\t\t\t\t<div class=\"elementor-element elementor-element-b5c86fe elementor-widget__width-initial elementor-widget elementor-widget-porto_button\" data-id=\"b5c86fe\" data-element_type=\"widget\" data-settings=\"{&quot;align&quot;:&quot;center&quot;}\" data-widget_type=\"porto_button.default\">\n\t\t\t\t<div class=\"elementor-widget-container\">\n\t\t\t<a aria-label=\"button\" class=\"btn btn-xl btn-primary btn-full-rounded btn-icon btn-icon-right hover-icon-right\" href=\"https:\/\/now.it24.com\/es\/see-how-nubenow-works-for-customers\/\"><span >VEA C\u00d3MO FUNCIONA NOW PARA LOS CONSUMIDORES<\/span><i class=\"porto-icon-arrow-forward-right\"><\/i><\/a>\t\t<\/div>\n\t\t\t\t<\/div>\n\t\t\t\t\t<\/div>\r\n\t\t\t\t<\/div>\r\n\t\t\t\t<div class=\"elementor-column elementor-col-50 elementor-top-column elementor-element elementor-element-b096744\" data-id=\"b096744\" data-element_type=\"column\">\r\n\t\t\t\t\t<div class=\"elementor-widget-wrap elementor-element-populated\">\r\n\t\t\t\t\t\t\t\t<div class=\"elementor-element elementor-element-877ef98 elementor-widget elementor-widget-porto_button\" data-id=\"877ef98\" data-element_type=\"widget\" data-settings=\"{&quot;align&quot;:&quot;center&quot;}\" data-widget_type=\"porto_button.default\">\n\t\t\t\t<div class=\"elementor-widget-container\">\n\t\t\t<a aria-label=\"button\" class=\"btn btn-xl btn-primary btn-full-rounded btn-icon btn-icon-right hover-icon-right\" href=\"https:\/\/now.it24.com\/es\/see-how-nubenow-works-for-sellers\/\"><span >VEA C\u00d3MO FUNCIONA NOW PARA LOS VENDEDORES<\/span><i class=\"porto-icon-arrow-forward-right\"><\/i><\/a>\t\t<\/div>\n\t\t\t\t<\/div>\n\t\t\t\t\t<\/div>\r\n\t\t\t\t<\/div>\r\n\t\t\t\t\t<\/div>\r\n\t\t\t\t<\/section>\r\n\t\t\t\t<\/div>\n\t\t","protected":false},"excerpt":{"rendered":"<p>\u00bfCOMO FUNCIONA? PARA ENTREGAR Registro y configuraci\u00f3n del conductor El conductor se registra en NOW individualmente o en una plataforma de entrega de terceros asociada a la plataforma en las diferentes \u00e1reas locales. El conductor proporciona los detalles necesarios, como informaci\u00f3n personal, detalles del veh\u00edculo (si corresponde) y detalles de la cuenta bancaria o de [&hellip;]<\/p>\n","protected":false},"author":1,"featured_media":0,"parent":0,"menu_order":0,"comment_status":"closed","ping_status":"closed","template":"","meta":{"_acf_changed":false,"content-type":"","footnotes":""},"class_list":["post-1848","page","type-page","status-publish","hentry"],"acf":[],"yoast_head":"<!-- This site is optimized with the Yoast SEO plugin v22.1 - https:\/\/yoast.com\/wordpress\/plugins\/seo\/ -->\n<title>See how NUBENOW works for riders - Now<\/title>\n<meta name=\"robots\" content=\"index, follow, max-snippet:-1, max-image-preview:large, max-video-preview:-1\" \/>\n<link rel=\"canonical\" href=\"https:\/\/now.it24.com\/es\/see-how-nubenow-works-for-riders\/\" \/>\n<meta property=\"og:locale\" content=\"en_US\" \/>\n<meta property=\"og:type\" content=\"article\" \/>\n<meta property=\"og:title\" content=\"See how NUBENOW works for riders - Now\" \/>\n<meta property=\"og:description\" content=\"\u00bfCOMO FUNCIONA? PARA ENTREGAR Registro y configuraci\u00f3n del conductor El conductor se registra en NOW individualmente o en una plataforma de entrega de terceros asociada a la plataforma en las diferentes \u00e1reas locales. El conductor proporciona los detalles necesarios, como informaci\u00f3n personal, detalles del veh\u00edculo (si corresponde) y detalles de la cuenta bancaria o de [&hellip;]\" \/>\n<meta property=\"og:url\" content=\"https:\/\/now.it24.com\/es\/see-how-nubenow-works-for-riders\/\" \/>\n<meta property=\"og:site_name\" content=\"Now\" \/>\n<meta property=\"article:modified_time\" content=\"2024-12-31T14:15:38+00:00\" \/>\n<meta name=\"twitter:card\" content=\"summary_large_image\" \/>\n<script type=\"application\/ld+json\" class=\"yoast-schema-graph\">{\"@context\":\"https:\/\/schema.org\",\"@graph\":[{\"@type\":\"WebPage\",\"@id\":\"https:\/\/now.it24.com\/es\/see-how-nubenow-works-for-riders\/\",\"url\":\"https:\/\/now.it24.com\/es\/see-how-nubenow-works-for-riders\/\",\"name\":\"See how NUBENOW works for riders - Now\",\"isPartOf\":{\"@id\":\"https:\/\/now.it24.com\/es\/#website\"},\"datePublished\":\"2024-03-18T20:38:45+00:00\",\"dateModified\":\"2024-12-31T14:15:38+00:00\",\"breadcrumb\":{\"@id\":\"https:\/\/now.it24.com\/es\/see-how-nubenow-works-for-riders\/#breadcrumb\"},\"inLanguage\":\"en-US\",\"potentialAction\":[{\"@type\":\"ReadAction\",\"target\":[\"https:\/\/now.it24.com\/es\/see-how-nubenow-works-for-riders\/\"]}]},{\"@type\":\"BreadcrumbList\",\"@id\":\"https:\/\/now.it24.com\/es\/see-how-nubenow-works-for-riders\/#breadcrumb\",\"itemListElement\":[{\"@type\":\"ListItem\",\"position\":1,\"name\":\"Home\",\"item\":\"https:\/\/now.it24.com\/es\/\"},{\"@type\":\"ListItem\",\"position\":2,\"name\":\"See how NUBENOW works for riders\"}]},{\"@type\":\"WebSite\",\"@id\":\"https:\/\/now.it24.com\/es\/#website\",\"url\":\"https:\/\/now.it24.com\/es\/\",\"name\":\"Now\",\"description\":\"Now delivers happiness!\",\"potentialAction\":[{\"@type\":\"SearchAction\",\"target\":{\"@type\":\"EntryPoint\",\"urlTemplate\":\"https:\/\/now.it24.com\/es\/?s={search_term_string}\"},\"query-input\":\"required name=search_term_string\"}],\"inLanguage\":\"en-US\"}]}<\/script>\n<!-- \/ Yoast SEO plugin. -->","yoast_head_json":{"title":"See how NUBENOW works for riders - Now","robots":{"index":"index","follow":"follow","max-snippet":"max-snippet:-1","max-image-preview":"max-image-preview:large","max-video-preview":"max-video-preview:-1"},"canonical":"https:\/\/now.it24.com\/es\/see-how-nubenow-works-for-riders\/","og_locale":"en_US","og_type":"article","og_title":"See how NUBENOW works for riders - Now","og_description":"\u00bfCOMO FUNCIONA? PARA ENTREGAR Registro y configuraci\u00f3n del conductor El conductor se registra en NOW individualmente o en una plataforma de entrega de terceros asociada a la plataforma en las diferentes \u00e1reas locales. El conductor proporciona los detalles necesarios, como informaci\u00f3n personal, detalles del veh\u00edculo (si corresponde) y detalles de la cuenta bancaria o de [&hellip;]","og_url":"https:\/\/now.it24.com\/es\/see-how-nubenow-works-for-riders\/","og_site_name":"Now","article_modified_time":"2024-12-31T14:15:38+00:00","twitter_card":"summary_large_image","schema":{"@context":"https:\/\/schema.org","@graph":[{"@type":"WebPage","@id":"https:\/\/now.it24.com\/es\/see-how-nubenow-works-for-riders\/","url":"https:\/\/now.it24.com\/es\/see-how-nubenow-works-for-riders\/","name":"See how NUBENOW works for riders - Now","isPartOf":{"@id":"https:\/\/now.it24.com\/es\/#website"},"datePublished":"2024-03-18T20:38:45+00:00","dateModified":"2024-12-31T14:15:38+00:00","breadcrumb":{"@id":"https:\/\/now.it24.com\/es\/see-how-nubenow-works-for-riders\/#breadcrumb"},"inLanguage":"en-US","potentialAction":[{"@type":"ReadAction","target":["https:\/\/now.it24.com\/es\/see-how-nubenow-works-for-riders\/"]}]},{"@type":"BreadcrumbList","@id":"https:\/\/now.it24.com\/es\/see-how-nubenow-works-for-riders\/#breadcrumb","itemListElement":[{"@type":"ListItem","position":1,"name":"Home","item":"https:\/\/now.it24.com\/es\/"},{"@type":"ListItem","position":2,"name":"See how NUBENOW works for riders"}]},{"@type":"WebSite","@id":"https:\/\/now.it24.com\/es\/#website","url":"https:\/\/now.it24.com\/es\/","name":"Now","description":"Now delivers happiness!","potentialAction":[{"@type":"SearchAction","target":{"@type":"EntryPoint","urlTemplate":"https:\/\/now.it24.com\/es\/?s={search_term_string}"},"query-input":"required name=search_term_string"}],"inLanguage":"en-US"}]}},"_links":{"self":[{"href":"https:\/\/now.it24.com\/es\/wp-json\/wp\/v2\/pages\/1848","targetHints":{"allow":["GET"]}}],"collection":[{"href":"https:\/\/now.it24.com\/es\/wp-json\/wp\/v2\/pages"}],"about":[{"href":"https:\/\/now.it24.com\/es\/wp-json\/wp\/v2\/types\/page"}],"author":[{"embeddable":true,"href":"https:\/\/now.it24.com\/es\/wp-json\/wp\/v2\/users\/1"}],"replies":[{"embeddable":true,"href":"https:\/\/now.it24.com\/es\/wp-json\/wp\/v2\/comments?post=1848"}],"version-history":[{"count":16,"href":"https:\/\/now.it24.com\/es\/wp-json\/wp\/v2\/pages\/1848\/revisions"}],"predecessor-version":[{"id":2849,"href":"https:\/\/now.it24.com\/es\/wp-json\/wp\/v2\/pages\/1848\/revisions\/2849"}],"wp:attachment":[{"href":"https:\/\/now.it24.com\/es\/wp-json\/wp\/v2\/media?parent=1848"}],"curies":[{"name":"wp","href":"https:\/\/api.w.org\/{rel}","templated":true}]}}