{"id":1834,"date":"2024-03-18T20:34:19","date_gmt":"2024-03-18T20:34:19","guid":{"rendered":"https:\/\/nubenow.com\/es\/?page_id=1834"},"modified":"2024-04-16T20:17:01","modified_gmt":"2024-04-16T20:17:01","slug":"see-how-nubenow-works-for-sellers","status":"publish","type":"page","link":"https:\/\/now.it24.com\/es\/see-how-nubenow-works-for-sellers\/","title":{"rendered":"See how NUBENOW works for sellers"},"content":{"rendered":"\t\t<div data-elementor-type=\"wp-page\" data-elementor-id=\"1834\" class=\"elementor elementor-1834\">\n\t\t\t\t\t\t<div class=\"elementor-section elementor-top-section elementor-element elementor-element-0932f81 elementor-section-height-min-height p-t-xxl p-b-xxl overflow-hidden elementor-section-boxed elementor-section-height-default elementor-section-items-middle\" data-id=\"0932f81\" data-element_type=\"section\" data-settings=\"{&quot;background_background&quot;:&quot;classic&quot;}\">\r\n\t\t\t\t\t\t<div class=\"elementor-background-overlay\"><\/div>\r\n\t\t\t\r\n\t\t\t\t\t\t\t<div class=\"elementor-container elementor-column-gap-default\">\r\n\t\t\t\t\t\t\t\t\t\t\t<div class=\"elementor-column elementor-col-100 elementor-top-column elementor-element elementor-element-b83447c\" data-id=\"b83447c\" data-element_type=\"column\">\r\n\t\t\t\t\t<div class=\"elementor-widget-wrap elementor-element-populated\">\r\n\t\t\t\t\t\t\t\t<div class=\"elementor-element elementor-element-27fa792 elementor-widget elementor-widget-porto_ultimate_heading\" data-id=\"27fa792\" data-element_type=\"widget\" data-widget_type=\"porto_ultimate_heading.default\">\n\t\t\t\t<div class=\"elementor-widget-container\">\n\t\t\t<div class=\"porto-u-heading  porto-u-2625\"><div class=\"porto-u-main-heading\"><h2   >\u00bfCOMO FUNCIONA?<\/h2><\/div><div class=\"porto-u-sub-heading\" style=\"\"><p>PARA VENDEDORES<\/p><\/div><style>.porto-u-2625.porto-u-heading{text-align:center}<\/style><\/div>\t\t<\/div>\n\t\t\t\t<\/div>\n\t\t\t\t\t<\/div>\r\n\t\t\t\t<\/div>\r\n\t\t\t\t\t<\/div>\r\n\t\t\t\t<\/div>\r\n\t\t<div class=\"elementor-element elementor-element-1874bfb e-flex e-con-boxed e-con e-parent\" data-id=\"1874bfb\" data-element_type=\"container\" data-settings=\"{&quot;content_width&quot;:&quot;boxed&quot;}\" data-core-v316-plus=\"true\">\n\t\t\t\t\t<div class=\"e-con-inner\">\n\t\t\t\t<div class=\"elementor-element elementor-element-09f9ba3 elementor-widget elementor-widget-porto_steps\" data-id=\"09f9ba3\" data-element_type=\"widget\" data-widget_type=\"porto_steps.default\">\n\t\t\t\t<div class=\"elementor-widget-container\">\n\t\t\t<section class=\"timeline\"><div class=\"timeline-body\"><div class=\"timeline-date\"><h3 class=\"time-text step-item-subtitle\">configuraci\u00f3n de la tienda<\/h3><\/div><article class=\"timeline-box left\"><div><h4 class=\"timeline-item-title step-item-title\"><\/h4><div class=\"timeline-item-content\"><p>El proveedor se registra para obtener una cuenta en el mercado y proporciona los detalles necesarios, informaci\u00f3n bancaria y listados de productos.<\/p><\/div><\/div><\/article><div class=\"timeline-date\"><h3 class=\"time-text step-item-subtitle\">Recepci\u00f3n y revisi\u00f3n del pedido<\/h3><\/div><article class=\"timeline-box right\"><div><h4 class=\"timeline-item-title step-item-title\"><\/h4><div class=\"timeline-item-content\"><p>La notificaci\u00f3n del pedido se recibe a trav\u00e9s de notificaci\u00f3n, correo electr\u00f3nico y panel de control. El proveedor revisa los detalles del pedido, el lugar y la hora de entrega y las instrucciones especiales, si las hubiera.<\/p><\/div><\/div><\/article><div class=\"timeline-date\"><h3 class=\"time-text step-item-subtitle\">Aceptaci\u00f3n del pedido<\/h3><\/div><article class=\"timeline-box left\"><div><h4 class=\"timeline-item-title step-item-title\"><\/h4><div class=\"timeline-item-content\"><p>El vendedor confirma el pedido reconociendo su capacidad para cumplirlo. Si corresponde, el inventario se actualiza para mantener niveles precisos.<\/p><\/div><\/div><\/article><div class=\"timeline-date\"><h3 class=\"time-text step-item-subtitle\">procesando orden<\/h3><\/div><article class=\"timeline-box right\"><div><h4 class=\"timeline-item-title step-item-title\"><\/h4><div class=\"timeline-item-content\"><p>El proveedor prepara los art\u00edculos para el env\u00edo, incluido el embalaje y el etiquetado. Etiquetas de env\u00edo e impresi\u00f3n de facturas.<\/p><\/div><\/div><\/article><div class=\"timeline-date\"><h3 class=\"time-text step-item-subtitle\">Env\u00edo y cumplimiento<\/h3><\/div><article class=\"timeline-box left\"><div><h4 class=\"timeline-item-title step-item-title\"><\/h4><div class=\"timeline-item-content\"><p>La plataforma ya ha programado un conductor para los pedidos de entrega. Una vez que se env\u00eda el pedido, el proveedor actualiza el estado del pedido en la plataforma del mercado y proporciona al cliente informaci\u00f3n de seguimiento.<\/p><\/div><\/div><\/article><div class=\"timeline-date\"><h3 class=\"time-text step-item-subtitle\">Comunicaci\u00f3n con el cliente<\/h3><\/div><article class=\"timeline-box right\"><div><h4 class=\"timeline-item-title step-item-title\"><\/h4><div class=\"timeline-item-content\"><p>El proveedor se comunica con el cliente sobre el estado del pedido y los detalles de seguimiento, y responde cualquier consulta que el cliente pueda tener.<\/p><\/div><\/div><\/article><div class=\"timeline-date\"><h3 class=\"time-text step-item-subtitle\">Servicio postventa<\/h3><\/div><article class=\"timeline-box left\"><div><h4 class=\"timeline-item-title step-item-title\"><\/h4><div class=\"timeline-item-content\"><p>Una vez que el cliente recibe el pedido, el proveedor puede animarlo a dejar comentarios o rese\u00f1as en el mercado. Si el cliente no est\u00e1 satisfecho, el proveedor gestiona las devoluciones o cambios de acuerdo con las pol\u00edticas del mercado y su propia pol\u00edtica de devoluciones.<\/p><\/div><\/div><\/article><div class=\"timeline-date\"><h3 class=\"time-text step-item-subtitle\">Manejo de pagos y tarifas de plataforma<\/h3><\/div><article class=\"timeline-box right\"><div><h4 class=\"timeline-item-title step-item-title\"><\/h4><div class=\"timeline-item-content\"><p>El mercado procesa el pago del cliente y, despu\u00e9s de deducir las tarifas de uso de la plataforma, transfiere el saldo al proveedor. Pagos en efectivo pagados dentro de las 48 horas y pagos con tarjeta de cr\u00e9dito dentro de una semana.<\/p><\/div><\/div><\/article><div class=\"timeline-date\"><h3 class=\"time-text step-item-subtitle\">An\u00e1lisis de rendimiento<\/h3><\/div><article class=\"timeline-box left\"><div><h4 class=\"timeline-item-title step-item-title\"><\/h4><div class=\"timeline-item-content\"><p>El proveedor monitorea el desempe\u00f1o de las ventas a trav\u00e9s de las herramientas de an\u00e1lisis del mercado. Seg\u00fan los datos de rendimiento y los comentarios de los clientes, el proveedor puede ajustar los precios, actualizar las listas de productos o tomar otras acciones para mejorar las ventas y la satisfacci\u00f3n del cliente.<\/p><\/div><\/div><\/article><\/div><\/section>\t\t<\/div>\n\t\t\t\t<\/div>\n\t\t\t\t\t<\/div>\n\t\t\t\t<\/div>\n\t\t\t\t<section class=\"elementor-section elementor-top-section elementor-element elementor-element-8faeee6 elementor-section-boxed elementor-section-height-default elementor-section-height-default\" data-id=\"8faeee6\" data-element_type=\"section\">\r\n\t\t\r\n\t\t\t\t\t\t\t<div class=\"elementor-container elementor-column-gap-default\">\r\n\t\t\t\t\t\t\t\t\t\t\t<div class=\"elementor-column elementor-col-50 elementor-top-column elementor-element elementor-element-fd72a09\" data-id=\"fd72a09\" data-element_type=\"column\">\r\n\t\t\t\t\t<div class=\"elementor-widget-wrap elementor-element-populated\">\r\n\t\t\t\t\t\t\t\t<div class=\"elementor-element elementor-element-4185a96 elementor-widget elementor-widget-porto_button\" data-id=\"4185a96\" data-element_type=\"widget\" data-settings=\"{&quot;align&quot;:&quot;center&quot;}\" data-widget_type=\"porto_button.default\">\n\t\t\t\t<div class=\"elementor-widget-container\">\n\t\t\t<a aria-label=\"button\" class=\"btn btn-xl btn-primary btn-full-rounded btn-icon btn-icon-right hover-icon-right\" href=\"https:\/\/nubenow.com\/es\/see-how-nubenow-works-for-customers\/\"><span >VEA C\u00d3MO FUNCIONA NOW PARA LOS CONSUMIDORES<\/span><i class=\"porto-icon-arrow-forward-right\"><\/i><\/a>\t\t<\/div>\n\t\t\t\t<\/div>\n\t\t\t\t\t<\/div>\r\n\t\t\t\t<\/div>\r\n\t\t\t\t<div class=\"elementor-column elementor-col-50 elementor-top-column elementor-element elementor-element-cd3a370\" data-id=\"cd3a370\" data-element_type=\"column\">\r\n\t\t\t\t\t<div class=\"elementor-widget-wrap elementor-element-populated\">\r\n\t\t\t\t\t\t\t\t<div class=\"elementor-element elementor-element-20c8115 elementor-widget elementor-widget-porto_button\" data-id=\"20c8115\" data-element_type=\"widget\" data-settings=\"{&quot;align&quot;:&quot;center&quot;}\" data-widget_type=\"porto_button.default\">\n\t\t\t\t<div class=\"elementor-widget-container\">\n\t\t\t<a aria-label=\"button\" class=\"btn btn-xl btn-primary btn-full-rounded btn-icon btn-icon-right hover-icon-right\" href=\"https:\/\/nubenow.com\/es\/see-how-nubenow-works-for-riders\/\"><span >VEA C\u00d3MO FUNCIONA NOW PARA LOS PILOTOS<\/span><i class=\"porto-icon-arrow-forward-right\"><\/i><\/a>\t\t<\/div>\n\t\t\t\t<\/div>\n\t\t\t\t\t<\/div>\r\n\t\t\t\t<\/div>\r\n\t\t\t\t\t<\/div>\r\n\t\t\t\t<\/section>\r\n\t\t\t\t<\/div>\n\t\t","protected":false},"excerpt":{"rendered":"<p>\u00bfCOMO FUNCIONA? PARA VENDEDORES configuraci\u00f3n de la tienda El proveedor se registra para obtener una cuenta en el mercado y proporciona los detalles necesarios, informaci\u00f3n bancaria y listados de productos. Recepci\u00f3n y revisi\u00f3n del pedido La notificaci\u00f3n del pedido se recibe a trav\u00e9s de notificaci\u00f3n, correo electr\u00f3nico y panel de control. El proveedor revisa los [&hellip;]<\/p>\n","protected":false},"author":1,"featured_media":0,"parent":0,"menu_order":0,"comment_status":"closed","ping_status":"closed","template":"","meta":{"_acf_changed":false,"content-type":"","footnotes":""},"class_list":["post-1834","page","type-page","status-publish","hentry"],"acf":[],"yoast_head":"<!-- This site is optimized with the Yoast SEO plugin v22.1 - https:\/\/yoast.com\/wordpress\/plugins\/seo\/ -->\n<title>See how NUBENOW works for sellers - Now<\/title>\n<meta name=\"robots\" content=\"index, follow, max-snippet:-1, max-image-preview:large, max-video-preview:-1\" \/>\n<link rel=\"canonical\" href=\"https:\/\/now.it24.com\/es\/see-how-nubenow-works-for-sellers\/\" \/>\n<meta property=\"og:locale\" content=\"en_US\" \/>\n<meta property=\"og:type\" content=\"article\" \/>\n<meta property=\"og:title\" content=\"See how NUBENOW works for sellers - Now\" \/>\n<meta property=\"og:description\" content=\"\u00bfCOMO FUNCIONA? PARA VENDEDORES configuraci\u00f3n de la tienda El proveedor se registra para obtener una cuenta en el mercado y proporciona los detalles necesarios, informaci\u00f3n bancaria y listados de productos. Recepci\u00f3n y revisi\u00f3n del pedido La notificaci\u00f3n del pedido se recibe a trav\u00e9s de notificaci\u00f3n, correo electr\u00f3nico y panel de control. El proveedor revisa los [&hellip;]\" \/>\n<meta property=\"og:url\" content=\"https:\/\/now.it24.com\/es\/see-how-nubenow-works-for-sellers\/\" \/>\n<meta property=\"og:site_name\" content=\"Now\" \/>\n<meta property=\"article:modified_time\" content=\"2024-04-16T20:17:01+00:00\" \/>\n<meta name=\"twitter:card\" content=\"summary_large_image\" \/>\n<script type=\"application\/ld+json\" class=\"yoast-schema-graph\">{\"@context\":\"https:\/\/schema.org\",\"@graph\":[{\"@type\":\"WebPage\",\"@id\":\"https:\/\/now.it24.com\/es\/see-how-nubenow-works-for-sellers\/\",\"url\":\"https:\/\/now.it24.com\/es\/see-how-nubenow-works-for-sellers\/\",\"name\":\"See how NUBENOW works for sellers - Now\",\"isPartOf\":{\"@id\":\"https:\/\/now.it24.com\/es\/#website\"},\"datePublished\":\"2024-03-18T20:34:19+00:00\",\"dateModified\":\"2024-04-16T20:17:01+00:00\",\"breadcrumb\":{\"@id\":\"https:\/\/now.it24.com\/es\/see-how-nubenow-works-for-sellers\/#breadcrumb\"},\"inLanguage\":\"en-US\",\"potentialAction\":[{\"@type\":\"ReadAction\",\"target\":[\"https:\/\/now.it24.com\/es\/see-how-nubenow-works-for-sellers\/\"]}]},{\"@type\":\"BreadcrumbList\",\"@id\":\"https:\/\/now.it24.com\/es\/see-how-nubenow-works-for-sellers\/#breadcrumb\",\"itemListElement\":[{\"@type\":\"ListItem\",\"position\":1,\"name\":\"Home\",\"item\":\"https:\/\/now.it24.com\/es\/\"},{\"@type\":\"ListItem\",\"position\":2,\"name\":\"See how NUBENOW works for sellers\"}]},{\"@type\":\"WebSite\",\"@id\":\"https:\/\/now.it24.com\/es\/#website\",\"url\":\"https:\/\/now.it24.com\/es\/\",\"name\":\"Now\",\"description\":\"Now delivers happiness!\",\"potentialAction\":[{\"@type\":\"SearchAction\",\"target\":{\"@type\":\"EntryPoint\",\"urlTemplate\":\"https:\/\/now.it24.com\/es\/?s={search_term_string}\"},\"query-input\":\"required name=search_term_string\"}],\"inLanguage\":\"en-US\"}]}<\/script>\n<!-- \/ Yoast SEO plugin. -->","yoast_head_json":{"title":"See how NUBENOW works for sellers - Now","robots":{"index":"index","follow":"follow","max-snippet":"max-snippet:-1","max-image-preview":"max-image-preview:large","max-video-preview":"max-video-preview:-1"},"canonical":"https:\/\/now.it24.com\/es\/see-how-nubenow-works-for-sellers\/","og_locale":"en_US","og_type":"article","og_title":"See how NUBENOW works for sellers - Now","og_description":"\u00bfCOMO FUNCIONA? PARA VENDEDORES configuraci\u00f3n de la tienda El proveedor se registra para obtener una cuenta en el mercado y proporciona los detalles necesarios, informaci\u00f3n bancaria y listados de productos. Recepci\u00f3n y revisi\u00f3n del pedido La notificaci\u00f3n del pedido se recibe a trav\u00e9s de notificaci\u00f3n, correo electr\u00f3nico y panel de control. El proveedor revisa los [&hellip;]","og_url":"https:\/\/now.it24.com\/es\/see-how-nubenow-works-for-sellers\/","og_site_name":"Now","article_modified_time":"2024-04-16T20:17:01+00:00","twitter_card":"summary_large_image","schema":{"@context":"https:\/\/schema.org","@graph":[{"@type":"WebPage","@id":"https:\/\/now.it24.com\/es\/see-how-nubenow-works-for-sellers\/","url":"https:\/\/now.it24.com\/es\/see-how-nubenow-works-for-sellers\/","name":"See how NUBENOW works for sellers - Now","isPartOf":{"@id":"https:\/\/now.it24.com\/es\/#website"},"datePublished":"2024-03-18T20:34:19+00:00","dateModified":"2024-04-16T20:17:01+00:00","breadcrumb":{"@id":"https:\/\/now.it24.com\/es\/see-how-nubenow-works-for-sellers\/#breadcrumb"},"inLanguage":"en-US","potentialAction":[{"@type":"ReadAction","target":["https:\/\/now.it24.com\/es\/see-how-nubenow-works-for-sellers\/"]}]},{"@type":"BreadcrumbList","@id":"https:\/\/now.it24.com\/es\/see-how-nubenow-works-for-sellers\/#breadcrumb","itemListElement":[{"@type":"ListItem","position":1,"name":"Home","item":"https:\/\/now.it24.com\/es\/"},{"@type":"ListItem","position":2,"name":"See how NUBENOW works for sellers"}]},{"@type":"WebSite","@id":"https:\/\/now.it24.com\/es\/#website","url":"https:\/\/now.it24.com\/es\/","name":"Now","description":"Now delivers happiness!","potentialAction":[{"@type":"SearchAction","target":{"@type":"EntryPoint","urlTemplate":"https:\/\/now.it24.com\/es\/?s={search_term_string}"},"query-input":"required name=search_term_string"}],"inLanguage":"en-US"}]}},"_links":{"self":[{"href":"https:\/\/now.it24.com\/es\/wp-json\/wp\/v2\/pages\/1834","targetHints":{"allow":["GET"]}}],"collection":[{"href":"https:\/\/now.it24.com\/es\/wp-json\/wp\/v2\/pages"}],"about":[{"href":"https:\/\/now.it24.com\/es\/wp-json\/wp\/v2\/types\/page"}],"author":[{"embeddable":true,"href":"https:\/\/now.it24.com\/es\/wp-json\/wp\/v2\/users\/1"}],"replies":[{"embeddable":true,"href":"https:\/\/now.it24.com\/es\/wp-json\/wp\/v2\/comments?post=1834"}],"version-history":[{"count":31,"href":"https:\/\/now.it24.com\/es\/wp-json\/wp\/v2\/pages\/1834\/revisions"}],"predecessor-version":[{"id":2588,"href":"https:\/\/now.it24.com\/es\/wp-json\/wp\/v2\/pages\/1834\/revisions\/2588"}],"wp:attachment":[{"href":"https:\/\/now.it24.com\/es\/wp-json\/wp\/v2\/media?parent=1834"}],"curies":[{"name":"wp","href":"https:\/\/api.w.org\/{rel}","templated":true}]}}