{"id":1679,"date":"2024-03-15T19:20:14","date_gmt":"2024-03-15T19:20:14","guid":{"rendered":"https:\/\/nubenow.com\/es\/?page_id=1679"},"modified":"2024-04-16T20:22:21","modified_gmt":"2024-04-16T20:22:21","slug":"see-how-nubenow-works-for-customers","status":"publish","type":"page","link":"https:\/\/now.it24.com\/es\/see-how-nubenow-works-for-customers\/","title":{"rendered":"See How NUBENOW Works for Customers"},"content":{"rendered":"\t\t<div data-elementor-type=\"wp-page\" data-elementor-id=\"1679\" class=\"elementor elementor-1679\">\n\t\t\t\t\t\t<div class=\"elementor-section elementor-top-section elementor-element elementor-element-223d011 p-t-xxl p-b-xxl overflow-hidden elementor-section-height-min-height elementor-section-boxed elementor-section-height-default elementor-section-items-middle\" data-id=\"223d011\" data-element_type=\"section\" data-settings=\"{&quot;background_background&quot;:&quot;classic&quot;}\">\r\n\t\t\t\t\t\t<div class=\"elementor-background-overlay\"><\/div>\r\n\t\t\t\r\n\t\t\t\t\t\t\t<div class=\"elementor-container elementor-column-gap-default\">\r\n\t\t\t\t\t\t\t\t\t\t\t<div class=\"elementor-column elementor-col-100 elementor-top-column elementor-element elementor-element-ea42f02 mt-5 m-b-xxl p-b-lg\" data-id=\"ea42f02\" data-element_type=\"column\">\r\n\t\t\t\t\t<div class=\"elementor-widget-wrap elementor-element-populated\">\r\n\t\t\t\t\t\t\t\t<div class=\"elementor-element elementor-element-8cffbc8 elementor-invisible elementor-widget elementor-widget-porto_ultimate_heading\" data-id=\"8cffbc8\" data-element_type=\"widget\" data-settings=\"{&quot;_animation&quot;:&quot;fadeInUp&quot;,&quot;_animation_delay&quot;:100}\" data-widget_type=\"porto_ultimate_heading.default\">\n\t\t\t\t<div class=\"elementor-widget-container\">\n\t\t\t<div class=\"porto-u-heading  porto-u-8146\"><div class=\"porto-u-main-heading\"><h2   >\u00bfC\u00d3MO FUNCIONA NOW?<\/h2><\/div><div class=\"porto-u-sub-heading\" style=\"\"><p>VEA C\u00d3MO FUNCIONA NOW PARA LOS CONSUMIDORES<\/p><\/div><style>.porto-u-8146.porto-u-heading{text-align:center}<\/style><\/div>\t\t<\/div>\n\t\t\t\t<\/div>\n\t\t\t\t<div class=\"elementor-element elementor-element-7340bbd elementor-invisible elementor-widget elementor-widget-porto_button\" data-id=\"7340bbd\" data-element_type=\"widget\" data-settings=\"{&quot;align&quot;:&quot;center&quot;,&quot;_animation&quot;:&quot;fadeInUp&quot;,&quot;_animation_delay&quot;:150}\" data-widget_type=\"porto_button.default\">\n\t\t\t\t<div class=\"elementor-widget-container\">\n\t\t\t<a aria-label=\"button\" class=\"btn btn-lg btn-primary btn-modern btn-full-rounded btn-icon btn-icon-only hover-icon-pulse-infnite\" href=\"https:\/\/www.youtube.com\/watch?v=4HVqC4zEPDc\" target=\"_blank\"><i class=\"fas fa-play\"><\/i><span ><\/span><\/a>\t\t<\/div>\n\t\t\t\t<\/div>\n\t\t\t\t\t<\/div>\r\n\t\t\t\t<\/div>\r\n\t\t\t\t\t<\/div>\r\n\t\t\t\t<\/div>\r\n\t\t\t\t<div class=\"elementor-section elementor-top-section elementor-element elementor-element-3cbcbac elementor-section-boxed elementor-section-height-default elementor-section-height-default elementor-invisible\" data-id=\"3cbcbac\" data-element_type=\"section\" data-settings=\"{&quot;background_background&quot;:&quot;classic&quot;,&quot;animation&quot;:&quot;fadeInUp&quot;,&quot;animation_delay&quot;:200}\">\r\n\t\t\t\t\t\t<div class=\"elementor-background-overlay\"><\/div>\r\n\t\t\t\r\n\t\t\t\t\t\t\t<div class=\"elementor-container elementor-column-gap-default\">\r\n\t\t\t\t\t\t\t\t\t\t\t<div class=\"elementor-column elementor-col-100 elementor-top-column elementor-element elementor-element-14709ab\" data-id=\"14709ab\" data-element_type=\"column\">\r\n\t\t\t\t\t<div class=\"elementor-widget-wrap elementor-element-populated\">\r\n\t\t\t\t\t\t\t\t<div class=\"elementor-element elementor-element-8cbe486 elementor-widget elementor-widget-porto_steps\" data-id=\"8cbe486\" data-element_type=\"widget\" data-widget_type=\"porto_steps.default\">\n\t\t\t\t<div class=\"elementor-widget-container\">\n\t\t\t<section class=\"timeline\"><div class=\"timeline-body\"><div class=\"timeline-date\"><h3 class=\"time-text step-item-subtitle\">Descarga la apP gratuita<\/h3><\/div><article class=\"timeline-box left\"><div><h4 class=\"timeline-item-title step-item-title\"><\/h4><div class=\"timeline-item-content\"><div class=\"timeline-item\"><div class=\"timeline-content\"><div class=\"info\"><p>Descargue la aplicaci\u00f3n NOW haciendo clic en su App Store (Android o iPhone) y complete el sencillo proceso de registro.<\/p><\/div><\/div><\/div><\/div><\/div><\/article><div class=\"timeline-date\"><h3 class=\"time-text step-item-subtitle\">Seleccionar productos y\/o servicios<\/h3><\/div><article class=\"timeline-box right\"><div><h4 class=\"timeline-item-title step-item-title\"><\/h4><div class=\"timeline-item-content\"><div class=\"timeline-item\"><div class=\"timeline-content\"><div class=\"info\"><p>Navegue entre la amplia selecci\u00f3n en NOW de restaurantes, tiendas y servicios. A\u00f1ade los art\u00edculos deseados a tu cesta.<\/p><\/div><\/div><\/div><\/div><\/div><\/article><div class=\"timeline-date\"><h3 class=\"time-text step-item-subtitle\">Elija hora y lugar de su entrega<\/h3><\/div><article class=\"timeline-box left\"><div><h4 class=\"timeline-item-title step-item-title\"><\/h4><div class=\"timeline-item-content\"><div class=\"timeline-item\"><div class=\"timeline-content\"><div class=\"info\"><p>Elige el tipo de servicio (recogida o entrega), ubicaci\u00f3n y si lo deseas lo antes posible o en un horario programado.<\/p><\/div><\/div><\/div><\/div><\/div><\/article><div class=\"timeline-date\"><h3 class=\"time-text step-item-subtitle\">Complete y rastree su pedido<\/h3><\/div><article class=\"timeline-box right\"><div><h4 class=\"timeline-item-title step-item-title\"><\/h4><div class=\"timeline-item-content\"><div class=\"timeline-item\"><div class=\"timeline-content\"><div class=\"info\"><p>Una vez que se completa su pedido, puede monitorear su estado de procesamiento y entrega en tiempo real.<\/p><\/div><\/div><\/div><\/div><\/div><\/article><div class=\"timeline-date\"><h3 class=\"time-text step-item-subtitle\">Recibe y disfruta tu pedido<\/h3><\/div><article class=\"timeline-box left\"><div><h4 class=\"timeline-item-title step-item-title\"><\/h4><div class=\"timeline-item-content\"><div class=\"timeline-item\"><div class=\"timeline-content\"><div class=\"info\"><p>Su pedido deber\u00eda llegar dentro de la hora o a la hora programada. El embalaje del pedido y el uniforme del conductor le ayudar\u00e1n a identificar su pedido. \u00a1Disfrutar!<\/p><\/div><\/div><\/div><\/div><\/div><\/article><div class=\"timeline-date\"><h3 class=\"time-text step-item-subtitle\">Califica tu experiencia<\/h3><\/div><article class=\"timeline-box right\"><div><h4 class=\"timeline-item-title step-item-title\"><\/h4><div class=\"timeline-item-content\"><div id=\"how-it-works\" class=\"row wrapped hm-mbl\"><div id=\"timeline\"><div class=\"timeline-item mb-0\"><div class=\"timeline-content \"><div class=\"info\"><p>Califique su experiencia y env\u00edenos sus comentarios para brindarle un mejor servicio en su pr\u00f3ximo pedido.<\/p><\/div><\/div><\/div><\/div><\/div><\/div><\/div><\/article><\/div><\/section>\t\t<\/div>\n\t\t\t\t<\/div>\n\t\t\t\t\t<\/div>\r\n\t\t\t\t<\/div>\r\n\t\t\t\t\t<\/div>\r\n\t\t\t\t<\/div>\r\n\t\t\t\t<section class=\"elementor-section elementor-top-section elementor-element elementor-element-f9a9b7c elementor-section-boxed elementor-section-height-default elementor-section-height-default\" data-id=\"f9a9b7c\" data-element_type=\"section\">\r\n\t\t\r\n\t\t\t\t\t\t\t<div class=\"elementor-container elementor-column-gap-default\">\r\n\t\t\t\t\t\t\t\t\t\t\t<div class=\"elementor-column elementor-col-50 elementor-top-column elementor-element elementor-element-fd120a2\" data-id=\"fd120a2\" data-element_type=\"column\">\r\n\t\t\t\t\t<div class=\"elementor-widget-wrap elementor-element-populated\">\r\n\t\t\t\t\t\t\t\t<div class=\"elementor-element elementor-element-1b46883 elementor-widget elementor-widget-porto_button\" data-id=\"1b46883\" data-element_type=\"widget\" data-settings=\"{&quot;align&quot;:&quot;center&quot;}\" data-widget_type=\"porto_button.default\">\n\t\t\t\t<div class=\"elementor-widget-container\">\n\t\t\t<a aria-label=\"button\" class=\"btn btn-xl btn-primary btn-full-rounded btn-icon btn-icon-right hover-icon-right\" href=\"https:\/\/nubenow.com\/es\/see-how-nubenow-works-for-sellers\/\"><span >VEA C\u00d3MO FUNCIONA NOW PARA LOS VENDEDORES<\/span><i class=\"porto-icon-arrow-forward-right\"><\/i><\/a>\t\t<\/div>\n\t\t\t\t<\/div>\n\t\t\t\t\t<\/div>\r\n\t\t\t\t<\/div>\r\n\t\t\t\t<div class=\"elementor-column elementor-col-50 elementor-top-column elementor-element elementor-element-023ba7c\" data-id=\"023ba7c\" data-element_type=\"column\">\r\n\t\t\t\t\t<div class=\"elementor-widget-wrap elementor-element-populated\">\r\n\t\t\t\t\t\t\t\t<div class=\"elementor-element elementor-element-432aa4b elementor-widget elementor-widget-porto_button\" data-id=\"432aa4b\" data-element_type=\"widget\" data-settings=\"{&quot;align&quot;:&quot;center&quot;}\" data-widget_type=\"porto_button.default\">\n\t\t\t\t<div class=\"elementor-widget-container\">\n\t\t\t<a aria-label=\"button\" class=\"btn btn-xl btn-primary btn-full-rounded btn-icon btn-icon-right hover-icon-right\" href=\"https:\/\/nubenow.com\/es\/see-how-nubenow-works-for-riders\/\"><span >VEA C\u00d3MO FUNCIONA AHORA NOW LOS PILOTOS<\/span><i class=\"porto-icon-arrow-forward-right\"><\/i><\/a>\t\t<\/div>\n\t\t\t\t<\/div>\n\t\t\t\t\t<\/div>\r\n\t\t\t\t<\/div>\r\n\t\t\t\t\t<\/div>\r\n\t\t\t\t<\/section>\r\n\t\t\t\t<\/div>\n\t\t","protected":false},"excerpt":{"rendered":"<p>\u00bfC\u00d3MO FUNCIONA NOW? VEA C\u00d3MO FUNCIONA NOW PARA LOS CONSUMIDORES Descarga la apP gratuita Descargue la aplicaci\u00f3n NOW haciendo clic en su App Store (Android o iPhone) y complete el sencillo proceso de registro. Seleccionar productos y\/o servicios Navegue entre la amplia selecci\u00f3n en NOW de restaurantes, tiendas y servicios. A\u00f1ade los art\u00edculos deseados a [&hellip;]<\/p>\n","protected":false},"author":1,"featured_media":0,"parent":0,"menu_order":0,"comment_status":"closed","ping_status":"closed","template":"","meta":{"_acf_changed":false,"content-type":"","footnotes":""},"class_list":["post-1679","page","type-page","status-publish","hentry"],"acf":[],"yoast_head":"<!-- This site is optimized with the Yoast SEO plugin v22.1 - https:\/\/yoast.com\/wordpress\/plugins\/seo\/ -->\n<title>See How NUBENOW Works for Customers - Now<\/title>\n<meta name=\"robots\" content=\"index, follow, max-snippet:-1, max-image-preview:large, max-video-preview:-1\" \/>\n<link rel=\"canonical\" href=\"https:\/\/now.it24.com\/es\/see-how-nubenow-works-for-customers\/\" \/>\n<meta property=\"og:locale\" content=\"en_US\" \/>\n<meta property=\"og:type\" content=\"article\" \/>\n<meta property=\"og:title\" content=\"See How NUBENOW Works for Customers - Now\" \/>\n<meta property=\"og:description\" content=\"\u00bfC\u00d3MO FUNCIONA NOW? VEA C\u00d3MO FUNCIONA NOW PARA LOS CONSUMIDORES Descarga la apP gratuita Descargue la aplicaci\u00f3n NOW haciendo clic en su App Store (Android o iPhone) y complete el sencillo proceso de registro. Seleccionar productos y\/o servicios Navegue entre la amplia selecci\u00f3n en NOW de restaurantes, tiendas y servicios. A\u00f1ade los art\u00edculos deseados a [&hellip;]\" \/>\n<meta property=\"og:url\" content=\"https:\/\/now.it24.com\/es\/see-how-nubenow-works-for-customers\/\" \/>\n<meta property=\"og:site_name\" content=\"Now\" \/>\n<meta property=\"article:modified_time\" content=\"2024-04-16T20:22:21+00:00\" \/>\n<meta name=\"twitter:card\" content=\"summary_large_image\" \/>\n<script type=\"application\/ld+json\" class=\"yoast-schema-graph\">{\"@context\":\"https:\/\/schema.org\",\"@graph\":[{\"@type\":\"WebPage\",\"@id\":\"https:\/\/now.it24.com\/es\/see-how-nubenow-works-for-customers\/\",\"url\":\"https:\/\/now.it24.com\/es\/see-how-nubenow-works-for-customers\/\",\"name\":\"See How NUBENOW Works for Customers - Now\",\"isPartOf\":{\"@id\":\"https:\/\/now.it24.com\/es\/#website\"},\"datePublished\":\"2024-03-15T19:20:14+00:00\",\"dateModified\":\"2024-04-16T20:22:21+00:00\",\"breadcrumb\":{\"@id\":\"https:\/\/now.it24.com\/es\/see-how-nubenow-works-for-customers\/#breadcrumb\"},\"inLanguage\":\"en-US\",\"potentialAction\":[{\"@type\":\"ReadAction\",\"target\":[\"https:\/\/now.it24.com\/es\/see-how-nubenow-works-for-customers\/\"]}]},{\"@type\":\"BreadcrumbList\",\"@id\":\"https:\/\/now.it24.com\/es\/see-how-nubenow-works-for-customers\/#breadcrumb\",\"itemListElement\":[{\"@type\":\"ListItem\",\"position\":1,\"name\":\"Home\",\"item\":\"https:\/\/now.it24.com\/es\/\"},{\"@type\":\"ListItem\",\"position\":2,\"name\":\"See How NUBENOW Works for Customers\"}]},{\"@type\":\"WebSite\",\"@id\":\"https:\/\/now.it24.com\/es\/#website\",\"url\":\"https:\/\/now.it24.com\/es\/\",\"name\":\"Now\",\"description\":\"Now delivers happiness!\",\"potentialAction\":[{\"@type\":\"SearchAction\",\"target\":{\"@type\":\"EntryPoint\",\"urlTemplate\":\"https:\/\/now.it24.com\/es\/?s={search_term_string}\"},\"query-input\":\"required name=search_term_string\"}],\"inLanguage\":\"en-US\"}]}<\/script>\n<!-- \/ Yoast SEO plugin. -->","yoast_head_json":{"title":"See How NUBENOW Works for Customers - Now","robots":{"index":"index","follow":"follow","max-snippet":"max-snippet:-1","max-image-preview":"max-image-preview:large","max-video-preview":"max-video-preview:-1"},"canonical":"https:\/\/now.it24.com\/es\/see-how-nubenow-works-for-customers\/","og_locale":"en_US","og_type":"article","og_title":"See How NUBENOW Works for Customers - Now","og_description":"\u00bfC\u00d3MO FUNCIONA NOW? VEA C\u00d3MO FUNCIONA NOW PARA LOS CONSUMIDORES Descarga la apP gratuita Descargue la aplicaci\u00f3n NOW haciendo clic en su App Store (Android o iPhone) y complete el sencillo proceso de registro. Seleccionar productos y\/o servicios Navegue entre la amplia selecci\u00f3n en NOW de restaurantes, tiendas y servicios. A\u00f1ade los art\u00edculos deseados a [&hellip;]","og_url":"https:\/\/now.it24.com\/es\/see-how-nubenow-works-for-customers\/","og_site_name":"Now","article_modified_time":"2024-04-16T20:22:21+00:00","twitter_card":"summary_large_image","schema":{"@context":"https:\/\/schema.org","@graph":[{"@type":"WebPage","@id":"https:\/\/now.it24.com\/es\/see-how-nubenow-works-for-customers\/","url":"https:\/\/now.it24.com\/es\/see-how-nubenow-works-for-customers\/","name":"See How NUBENOW Works for Customers - Now","isPartOf":{"@id":"https:\/\/now.it24.com\/es\/#website"},"datePublished":"2024-03-15T19:20:14+00:00","dateModified":"2024-04-16T20:22:21+00:00","breadcrumb":{"@id":"https:\/\/now.it24.com\/es\/see-how-nubenow-works-for-customers\/#breadcrumb"},"inLanguage":"en-US","potentialAction":[{"@type":"ReadAction","target":["https:\/\/now.it24.com\/es\/see-how-nubenow-works-for-customers\/"]}]},{"@type":"BreadcrumbList","@id":"https:\/\/now.it24.com\/es\/see-how-nubenow-works-for-customers\/#breadcrumb","itemListElement":[{"@type":"ListItem","position":1,"name":"Home","item":"https:\/\/now.it24.com\/es\/"},{"@type":"ListItem","position":2,"name":"See How NUBENOW Works for Customers"}]},{"@type":"WebSite","@id":"https:\/\/now.it24.com\/es\/#website","url":"https:\/\/now.it24.com\/es\/","name":"Now","description":"Now delivers happiness!","potentialAction":[{"@type":"SearchAction","target":{"@type":"EntryPoint","urlTemplate":"https:\/\/now.it24.com\/es\/?s={search_term_string}"},"query-input":"required name=search_term_string"}],"inLanguage":"en-US"}]}},"_links":{"self":[{"href":"https:\/\/now.it24.com\/es\/wp-json\/wp\/v2\/pages\/1679","targetHints":{"allow":["GET"]}}],"collection":[{"href":"https:\/\/now.it24.com\/es\/wp-json\/wp\/v2\/pages"}],"about":[{"href":"https:\/\/now.it24.com\/es\/wp-json\/wp\/v2\/types\/page"}],"author":[{"embeddable":true,"href":"https:\/\/now.it24.com\/es\/wp-json\/wp\/v2\/users\/1"}],"replies":[{"embeddable":true,"href":"https:\/\/now.it24.com\/es\/wp-json\/wp\/v2\/comments?post=1679"}],"version-history":[{"count":22,"href":"https:\/\/now.it24.com\/es\/wp-json\/wp\/v2\/pages\/1679\/revisions"}],"predecessor-version":[{"id":2597,"href":"https:\/\/now.it24.com\/es\/wp-json\/wp\/v2\/pages\/1679\/revisions\/2597"}],"wp:attachment":[{"href":"https:\/\/now.it24.com\/es\/wp-json\/wp\/v2\/media?parent=1679"}],"curies":[{"name":"wp","href":"https:\/\/api.w.org\/{rel}","templated":true}]}}